{"id":28,"date":"2025-09-22T07:22:23","date_gmt":"2025-09-22T04:22:23","guid":{"rendered":"https:\/\/taxidatatilaus.louhos.website\/lomake\/"},"modified":"2025-12-12T12:30:16","modified_gmt":"2025-12-12T10:30:16","slug":"lomake","status":"publish","type":"page","link":"https:\/\/taxidatatilaus.louhos.website\/en\/","title":{"rendered":"Form"},"content":{"rendered":"<section class=\"taxidata-tilauslomake\" class=\"wp-block-taxidata-tilauslomake\">\n\t<div id=\"map\"><\/div>\n\t<div id=\"content\">\n\t\t<div class=\"steps flex\">\n\t\t\t<div class=\"flex-item one active\"> Information<\/div>\n\t\t\t<div class=\"flex-item one\"> Tunnistaudu<\/div>\n\t\t\t<div class=\"flex-item one\">Tilaa taksi<\/div>\n\t\t<\/div>\n\t\t<div class=\"logo\">\n\t\t\t<img decoding=\"async\" src=\"https:\/\/taxidatatilaus.louhos.website\/wp-content\/uploads\/2025\/09\/Logo_taxidata_pos.png\" alt=\"Logo\">\n\t\t<\/div>\n\t\t<form method=\"post\" id=\"taxidata-tilauslomake-form\">\n\t\t\t<div id=\"error\"><\/div>\n\t\t\t<div>\n\t\t\t\t<label for=\"start_point\">L\u00e4ht\u00f6paikka<\/label>\n\t\t\t\t<input type=\"text\" id=\"start_point\" name=\"start_point\">\n\t\t\t<\/div>\n\t\t\t<div>\n\t\t\t\t<label for=\"end_point\">M\u00e4\u00e4r\u00e4np\u00e4\u00e4<\/label>\n\t\t\t\t<input type=\"text\" id=\"end_point\" name=\"end_point\">\n\t\t\t<\/div>\n\t\t\t<div>Ennakkotilauksessa noutoajan on oltava v\u00e4hint\u00e4\u00e4n 30 minuutin p\u00e4\u00e4ss\u00e4. Muussa tapauksessa noutoajan oletetaan olevan nyt.<\/div>\n\t\t\t<div class=\"flex\">\n\t\t\t\t<div class=\"flex-item one\">\n\t\t\t\t\t<label for=\"people\">Henkil\u00f6m\u00e4\u00e4r\u00e4<\/label>\n\t\t\t\t\t<select name=\"people\" id=\"people\">\n\t\t\t\t\t\t<option value=\"1\">1<\/option>\n\t\t\t\t\t\t<option value=\"2\">2<\/option>\n\t\t\t\t\t\t<option value=\"3\">3<\/option>\n\t\t\t\t\t\t<option value=\"4\">4<\/option>\n\t\t\t\t\t\t<option value=\"5\">5<\/option>\n\t\t\t\t\t\t<option value=\"6\">6<\/option>\n\t\t\t\t\t\t<option value=\"7\">7<\/option>\n\t\t\t\t\t\t<option value=\"8\">8<\/option>\n\t\t\t\t\t<\/select>\n\t\t\t\t<\/div>\n\t\t\t\t<div class=\"flex-item three\">\n\t\t\t\t\t<label for=\"pickup_time\">Noutoaika<\/label>\n\t\t\t\t\t<input type=\"datetime-local\" name=\"pickup_time\" value=\"2026-04-19T17:32\" data-update-every-minute>\n\t\t\t\t<\/div>\n\t\t\t<\/div>\n\t\t\t<div class=\"flex\">\n\t\t\t\t<div class=\"flex-item half\">\n\t\t\t\t\t<label for=\"name\">Tilaajan nimi<\/label>\n\t\t\t\t\t<input type=\"text\" name=\"name\">\n\t\t\t\t<\/div>\n\t\t\t\t<div class=\"flex-item half\">\n\t\t\t\t\t<label for=\"phonenumber\">Phonenumber<\/label>\n\t\t\t\t\t<div class=\"phonenumber\">\n\t\t\t\t\t\t<div class=\"prefix\">+358<\/div>\n\t\t\t\t\t\t<input type=\"tel\" id=\"phonenumber\" name=\"phonenumber\" \/>\n\t\t\t\t\t<\/div>\n\t\t\t\t<\/div>\n\t\t\t<\/div>\n\t\t\t<div><\/div>\n\t\t\t<button>Jatka tunnistautumiseen<\/button>\n\t\t\t<div>Varauksen viimeistelemiseksi sinun on vahvistettava puhelinnumerosi.<\/div>\n\t\t<\/form>\n\t<\/div>\n<\/section>\n","protected":false},"excerpt":{"rendered":"","protected":false},"author":1,"featured_media":0,"parent":0,"menu_order":0,"comment_status":"closed","ping_status":"closed","template":"","meta":{"_kad_post_transparent":"disable","_kad_post_title":"hide","_kad_post_layout":"fullwidth","_kad_post_sidebar_id":"","_kad_post_content_style":"unboxed","_kad_post_vertical_padding":"hide","_kad_post_feature":"hide","_kad_post_feature_position":"","_kad_post_header":true,"_kad_post_footer":true,"footnotes":""},"class_list":["post-28","page","type-page","status-publish","hentry"],"_links":{"self":[{"href":"https:\/\/taxidatatilaus.louhos.website\/en\/wp-json\/wp\/v2\/pages\/28","targetHints":{"allow":["GET"]}}],"collection":[{"href":"https:\/\/taxidatatilaus.louhos.website\/en\/wp-json\/wp\/v2\/pages"}],"about":[{"href":"https:\/\/taxidatatilaus.louhos.website\/en\/wp-json\/wp\/v2\/types\/page"}],"author":[{"embeddable":true,"href":"https:\/\/taxidatatilaus.louhos.website\/en\/wp-json\/wp\/v2\/users\/1"}],"replies":[{"embeddable":true,"href":"https:\/\/taxidatatilaus.louhos.website\/en\/wp-json\/wp\/v2\/comments?post=28"}],"version-history":[{"count":2,"href":"https:\/\/taxidatatilaus.louhos.website\/en\/wp-json\/wp\/v2\/pages\/28\/revisions"}],"predecessor-version":[{"id":32,"href":"https:\/\/taxidatatilaus.louhos.website\/en\/wp-json\/wp\/v2\/pages\/28\/revisions\/32"}],"wp:attachment":[{"href":"https:\/\/taxidatatilaus.louhos.website\/en\/wp-json\/wp\/v2\/media?parent=28"}],"curies":[{"name":"wp","href":"https:\/\/api.w.org\/{rel}","templated":true}]}}